{"id":9,"date":"2024-07-24T08:10:53","date_gmt":"2024-07-24T08:10:53","guid":{"rendered":"https:\/\/breatheproject.eu\/lp-checkout\/"},"modified":"2024-12-03T11:27:34","modified_gmt":"2024-12-03T10:27:34","slug":"lp-checkout","status":"publish","type":"page","link":"https:\/\/breatheproject.eu\/en\/lp-checkout\/","title":{"rendered":"P\u00e1gina de suscripci\u00f3n"},"content":{"rendered":"<div data-elementor-type=\"wp-page\" data-elementor-id=\"9\" class=\"elementor elementor-9\">\n\t\t\t\t<div class=\"elementor-element elementor-element-42c4b7a6 e-flex e-con-boxed e-con e-parent\" data-id=\"42c4b7a6\" data-element_type=\"container\" data-e-type=\"container\">\n\t\t\t\t\t<div class=\"e-con-inner\">\n\t\t\t\t<div class=\"elementor-element elementor-element-6d77bde0 elementor-widget elementor-widget-text-editor\" data-id=\"6d77bde0\" data-element_type=\"widget\" data-e-type=\"widget\" data-widget_type=\"text-editor.default\">\n\t\t\t\t<div class=\"elementor-widget-container\">\n\t\t\t\t\t\t\t\t\t\n<p id=\"block-d98dea2d-9825-48ca-afbf-68c2c6ab4546\" class=\"has-black-color has-text-color has-link-color has-medium-font-size wp-elements-abba92d509a7cae33a46e8bffeeb8358\">\u00a1Enhorabuena por haber llegado hasta aqu\u00ed!<\/p>\n\n<p id=\"block-eaa3fee6-05c7-4de8-9187-34aa937b0b54\" class=\"has-black-color has-text-color has-link-color has-medium-font-size wp-elements-ed9fef25d497a5988aa635bcd8cf485f\">Para suscribirte satisfactoriamente, primero <a href=\"https:\/\/breatheproject.eu\/en\/registro\/\">reg\u00edstrate<\/a> o<a href=\"https:\/\/breatheproject.eu\/en\/iniciar-sesion\/\"> inicia sesi\u00f3n<\/a>, y tras esto finaliza la suscripci\u00f3n al curso.<\/p>\n\n<p>\u00a0<\/p>\n\t\t\t\t\t\t\t\t<\/div>\n\t\t\t\t<\/div>\n\t\t\t\t\t<\/div>\n\t\t\t\t<\/div>\n\t\t\t\t<\/div>","protected":false},"excerpt":{"rendered":"<p>\u00a1Enhorabuena por haber llegado hasta aqu\u00ed! Para suscribirte satisfactoriamente, primero reg\u00edstrate o inicia sesi\u00f3n, y tras esto finaliza la suscripci\u00f3n&#8230;<\/p>","protected":false},"author":1,"featured_media":0,"parent":0,"menu_order":0,"comment_status":"closed","ping_status":"closed","template":"","meta":{"footnotes":""},"class_list":["post-9","page","type-page","status-publish","hentry"],"_links":{"self":[{"href":"https:\/\/breatheproject.eu\/en\/wp-json\/wp\/v2\/pages\/9","targetHints":{"allow":["GET"]}}],"collection":[{"href":"https:\/\/breatheproject.eu\/en\/wp-json\/wp\/v2\/pages"}],"about":[{"href":"https:\/\/breatheproject.eu\/en\/wp-json\/wp\/v2\/types\/page"}],"author":[{"embeddable":true,"href":"https:\/\/breatheproject.eu\/en\/wp-json\/wp\/v2\/users\/1"}],"replies":[{"embeddable":true,"href":"https:\/\/breatheproject.eu\/en\/wp-json\/wp\/v2\/comments?post=9"}],"version-history":[{"count":9,"href":"https:\/\/breatheproject.eu\/en\/wp-json\/wp\/v2\/pages\/9\/revisions"}],"predecessor-version":[{"id":6087,"href":"https:\/\/breatheproject.eu\/en\/wp-json\/wp\/v2\/pages\/9\/revisions\/6087"}],"wp:attachment":[{"href":"https:\/\/breatheproject.eu\/en\/wp-json\/wp\/v2\/media?parent=9"}],"curies":[{"name":"wp","href":"https:\/\/api.w.org\/{rel}","templated":true}]}}