{"id":5744,"date":"2024-10-10T12:56:47","date_gmt":"2024-10-10T11:56:47","guid":{"rendered":"https:\/\/breatheproject.eu\/?page_id=5744"},"modified":"2026-03-10T15:05:45","modified_gmt":"2026-03-10T14:05:45","slug":"resultados","status":"publish","type":"page","link":"https:\/\/breatheproject.eu\/en\/resultados\/","title":{"rendered":"Results"},"content":{"rendered":"\t\t<div data-elementor-type=\"wp-page\" data-elementor-id=\"5744\" class=\"elementor elementor-5744\">\n\t\t\t\t<div class=\"elementor-element elementor-element-40ecbaa e-flex e-con-boxed e-con e-parent\" data-id=\"40ecbaa\" data-element_type=\"container\" data-e-type=\"container\">\n\t\t\t\t\t<div class=\"e-con-inner\">\n\t\t\t\t<div class=\"elementor-element elementor-element-120fff7 elementor-widget elementor-widget-thim-ekits-heading\" data-id=\"120fff7\" data-element_type=\"widget\" data-e-type=\"widget\" data-widget_type=\"thim-ekits-heading.default\">\n\t\t\t\t<div class=\"elementor-widget-container\">\n\t\t\t\t\t<div class=\"thim-ekits-heading thim-ekit__heading\"><h2 class=\"title\">Resultados del proyecto<\/h2><\/div>\t\t\t\t<\/div>\n\t\t\t\t<\/div>\n\t\t\t\t\t<\/div>\n\t\t\t\t<\/div>\n\t\t\t\t<section class=\"elementor-section elementor-top-section elementor-element elementor-element-8f8d496 elementor-section-stretched elementor-section-boxed elementor-section-height-default elementor-section-height-default\" data-id=\"8f8d496\" data-element_type=\"section\" data-e-type=\"section\" data-settings=\"{&quot;stretch_section&quot;:&quot;section-stretched&quot;}\">\n\t\t\t\t\t\t<div class=\"elementor-container elementor-column-gap-custom\">\n\t\t\t\t\t<div class=\"elementor-column elementor-col-100 elementor-top-column elementor-element elementor-element-9b0da97\" data-id=\"9b0da97\" data-element_type=\"column\" data-e-type=\"column\">\n\t\t\t<div class=\"elementor-widget-wrap elementor-element-populated\">\n\t\t\t\t\t\t<div class=\"elementor-element elementor-element-1212721 elementor-widget elementor-widget-thim-ekits-header-info\" data-id=\"1212721\" data-element_type=\"widget\" data-e-type=\"widget\" data-widget_type=\"thim-ekits-header-info.default\">\n\t\t\t\t<div class=\"elementor-widget-container\">\n\t\t\t\t\t\t\t<div class=\"header-info-swapper\">\n\t\t\t<ul class=\"thim-header-info\">\n\t\t\t\t\t\t\t\t\t\t<li>\n\t\t\t\t\t\t\t\t\t\t\t\t\t\t\t\n\t\t\t\t\t\t\t\tEl proyecto BREATHE tiene como objetivo generar resultados clave para empoderar a las mujeres emprendedoras en entornos rurales, promoviendo su desarrollo personal y profesional mediante herramientas innovadoras y colaborativas.\n\t\t\t\t\t\t\t\t\t\t\t\t\t\t<\/li>\n\t\t\t\t\t\t\t\t\t<\/ul>\n\t\t<\/div>\n\t\t\t\t\t\t<\/div>\n\t\t\t\t<\/div>\n\t\t\t\t\t<\/div>\n\t\t<\/div>\n\t\t\t\t\t<\/div>\n\t\t<\/section>\n\t\t<div class=\"elementor-element elementor-element-83ab8a1 e-flex e-con-boxed e-con e-parent\" data-id=\"83ab8a1\" data-element_type=\"container\" data-e-type=\"container\">\n\t\t\t\t\t<div class=\"e-con-inner\">\n\t\t<div class=\"elementor-element elementor-element-62cb834 e-con-full e-flex e-con e-child\" data-id=\"62cb834\" data-element_type=\"container\" data-e-type=\"container\">\n\t\t<div class=\"elementor-element elementor-element-4f03e8d e-con-full e-flex e-con e-child\" data-id=\"4f03e8d\" data-element_type=\"container\" data-e-type=\"container\" data-settings=\"{&quot;background_background&quot;:&quot;classic&quot;}\">\n\t\t\t\t<div class=\"elementor-element elementor-element-7173597 elementor-widget elementor-widget-thim-ekits-heading\" data-id=\"7173597\" data-element_type=\"widget\" data-e-type=\"widget\" data-widget_type=\"thim-ekits-heading.default\">\n\t\t\t\t<div class=\"elementor-widget-container\">\n\t\t\t\t\t<div class=\"thim-ekits-heading thim-ekit__heading\"><h3 class=\"title\">Programa formativo online<\/h3><\/div>\t\t\t\t<\/div>\n\t\t\t\t<\/div>\n\t\t\t\t<\/div>\n\t\t<div class=\"elementor-element elementor-element-574e406 e-con-full e-flex e-con e-child\" data-id=\"574e406\" data-element_type=\"container\" data-e-type=\"container\" data-settings=\"{&quot;background_background&quot;:&quot;classic&quot;}\">\n\t\t\t\t<div class=\"elementor-element elementor-element-d6321b1 elementor-widget elementor-widget-text-editor\" data-id=\"d6321b1\" data-element_type=\"widget\" data-e-type=\"widget\" data-widget_type=\"text-editor.default\">\n\t\t\t\t<div class=\"elementor-widget-container\">\n\t\t\t\t\t\t\t\t\t<p>La <strong>formaci\u00f3n online<\/strong> ser\u00e1 de <strong>20 horas<\/strong> dirigidas a mujeres que desean fortalecer su autoconfianza, reconectar con su prop\u00f3sito y alinear su proyecto profesional con sus valores personales.<\/p><p>A lo largo de <strong>10 talleres experienciales<\/strong>, el programa integra <strong>autoconocimiento, autoestima y autocuidado<\/strong> desde una mirada hol\u00edstica que une cuerpo, emoci\u00f3n y mente.<\/p><p>Combina herramientas pr\u00e1cticas de <strong>gesti\u00f3n del tiempo, comunicaci\u00f3n asertiva y planificaci\u00f3n de proyectos<\/strong> con metodolog\u00edas como IKIGAI y Dragon Dreaming, junto a t\u00e9cnicas de regulaci\u00f3n emocional basadas en la respiraci\u00f3n, el movimiento consciente, el Chi Kung y la musicoterapia.<\/p><p>La formaci\u00f3n responde a desaf\u00edos reales detectados en mujeres emprendedoras como el s\u00edndrome de la impostora, miedo al fracaso, dificultad para poner l\u00edmites, sobrecarga emocional y soledad profesional, ofreciendo un espacio seguro de aprendizaje entre iguales.<\/p>\t\t\t\t\t\t\t\t<\/div>\n\t\t\t\t<\/div>\n\t\t\t\t<\/div>\n\t\t\t\t<\/div>\n\t\t<div class=\"elementor-element elementor-element-81c0785 e-con-full e-flex e-con e-child\" data-id=\"81c0785\" data-element_type=\"container\" data-e-type=\"container\" data-settings=\"{&quot;background_background&quot;:&quot;slideshow&quot;,&quot;background_slideshow_gallery&quot;:[{&quot;id&quot;:8010,&quot;url&quot;:&quot;https:\\\/\\\/breatheproject.eu\\\/wp-content\\\/uploads\\\/2026\\\/03\\\/pexels-mizunokozuki-12911764-scaled.jpg&quot;}],&quot;background_slideshow_loop&quot;:&quot;yes&quot;,&quot;background_slideshow_slide_duration&quot;:5000,&quot;background_slideshow_slide_transition&quot;:&quot;fade&quot;,&quot;background_slideshow_transition_duration&quot;:500}\">\n\t\t\t\t<\/div>\n\t\t\t\t\t<\/div>\n\t\t\t\t<\/div>\n\t\t<div class=\"elementor-element elementor-element-ce1f06a e-flex e-con-boxed e-con e-parent\" data-id=\"ce1f06a\" data-element_type=\"container\" data-e-type=\"container\">\n\t\t\t\t\t<div class=\"e-con-inner\">\n\t\t\t\t<div class=\"elementor-element elementor-element-395c121 elementor-widget-divider--view-line elementor-widget elementor-widget-divider\" data-id=\"395c121\" data-element_type=\"widget\" data-e-type=\"widget\" data-widget_type=\"divider.default\">\n\t\t\t\t<div class=\"elementor-widget-container\">\n\t\t\t\t\t\t\t<div class=\"elementor-divider\">\n\t\t\t<span class=\"elementor-divider-separator\">\n\t\t\t\t\t\t<\/span>\n\t\t<\/div>\n\t\t\t\t\t\t<\/div>\n\t\t\t\t<\/div>\n\t\t\t\t\t<\/div>\n\t\t\t\t<\/div>\n\t\t<div class=\"elementor-element elementor-element-d060592 e-flex e-con-boxed e-con e-parent\" data-id=\"d060592\" data-element_type=\"container\" data-e-type=\"container\">\n\t\t\t\t\t<div class=\"e-con-inner\">\n\t\t<div class=\"elementor-element elementor-element-d9d4715 e-con-full e-flex e-con e-child\" data-id=\"d9d4715\" data-element_type=\"container\" data-e-type=\"container\">\n\t\t<div class=\"elementor-element elementor-element-708f11c e-con-full e-flex e-con e-child\" data-id=\"708f11c\" data-element_type=\"container\" data-e-type=\"container\" data-settings=\"{&quot;background_background&quot;:&quot;classic&quot;}\">\n\t\t\t\t<div class=\"elementor-element elementor-element-d8c21d8 elementor-widget elementor-widget-thim-ekits-heading\" data-id=\"d8c21d8\" data-element_type=\"widget\" data-e-type=\"widget\" data-widget_type=\"thim-ekits-heading.default\">\n\t\t\t\t<div class=\"elementor-widget-container\">\n\t\t\t\t\t<div class=\"thim-ekits-heading thim-ekit__heading\"><h3 class=\"title\">Retiros presenciales<\/h3><\/div>\t\t\t\t<\/div>\n\t\t\t\t<\/div>\n\t\t\t\t<\/div>\n\t\t<div class=\"elementor-element elementor-element-6eabd20 e-con-full e-flex e-con e-child\" data-id=\"6eabd20\" data-element_type=\"container\" data-e-type=\"container\" data-settings=\"{&quot;background_background&quot;:&quot;classic&quot;}\">\n\t\t\t\t<div class=\"elementor-element elementor-element-dfbe796 elementor-widget elementor-widget-text-editor\" data-id=\"dfbe796\" data-element_type=\"widget\" data-e-type=\"widget\" data-widget_type=\"text-editor.default\">\n\t\t\t\t<div class=\"elementor-widget-container\">\n\t\t\t\t\t\t\t\t\t<p data-start=\"82\" data-end=\"279\"><span style=\"font-weight: 400;\">En junio, <strong>durante tres d\u00edas<\/strong>, <strong>10 mujeres en Espa\u00f1a y 10 mujeres en Grecia<\/strong> vivir\u00e1n una experiencia intensiva de 24 horas formativas dise\u00f1adas para <strong>reconectar consigo mismas, regular su energ\u00eda y alinear su vida personal y profesional<\/strong> desde el prop\u00f3sito.<\/span><\/p><p data-start=\"281\" data-end=\"578\">A trav\u00e9s de una <strong>metodolog\u00eda experiencial<\/strong> que integra cuerpo, emoci\u00f3n y mente, el retiro fortalece el autoconocimiento, la autoestima y el autocuidado, ofreciendo herramientas pr\u00e1cticas para gestionar la incertidumbre, tomar decisiones con foco, poner l\u00edmites y dar coherencia al proyecto personal.<\/p><p data-start=\"580\" data-end=\"848\">Se trabajar\u00e1 con t\u00e9cnicas como <strong>respiraci\u00f3n consciente, Chi Kung, musicoterapia, escritura creativa, IKIGAI y Dragon Dreaming<\/strong>, combinando reflexi\u00f3n, movimiento y planificaci\u00f3n para generar claridad, bienestar y sostenibilidad en los procesos de cambio y emprendimiento.<\/p>\t\t\t\t\t\t\t\t<\/div>\n\t\t\t\t<\/div>\n\t\t\t\t<\/div>\n\t\t\t\t<\/div>\n\t\t<div class=\"elementor-element elementor-element-b4fc157 e-con-full e-flex e-con e-child\" data-id=\"b4fc157\" data-element_type=\"container\" data-e-type=\"container\" data-settings=\"{&quot;background_background&quot;:&quot;slideshow&quot;,&quot;background_slideshow_gallery&quot;:[{&quot;id&quot;:7889,&quot;url&quot;:&quot;https:\\\/\\\/breatheproject.eu\\\/wp-content\\\/uploads\\\/2026\\\/03\\\/foto-the-break-1.png&quot;}],&quot;background_slideshow_loop&quot;:&quot;yes&quot;,&quot;background_slideshow_slide_duration&quot;:5000,&quot;background_slideshow_slide_transition&quot;:&quot;fade&quot;,&quot;background_slideshow_transition_duration&quot;:500}\">\n\t\t\t\t<\/div>\n\t\t\t\t\t<\/div>\n\t\t\t\t<\/div>\n\t\t<div class=\"elementor-element elementor-element-f82210c e-flex e-con-boxed e-con e-parent\" data-id=\"f82210c\" data-element_type=\"container\" data-e-type=\"container\">\n\t\t\t\t\t<div class=\"e-con-inner\">\n\t\t\t\t<div class=\"elementor-element elementor-element-fdd8f64 elementor-widget-divider--view-line elementor-widget elementor-widget-divider\" data-id=\"fdd8f64\" data-element_type=\"widget\" data-e-type=\"widget\" data-widget_type=\"divider.default\">\n\t\t\t\t<div class=\"elementor-widget-container\">\n\t\t\t\t\t\t\t<div class=\"elementor-divider\">\n\t\t\t<span class=\"elementor-divider-separator\">\n\t\t\t\t\t\t<\/span>\n\t\t<\/div>\n\t\t\t\t\t\t<\/div>\n\t\t\t\t<\/div>\n\t\t\t\t\t<\/div>\n\t\t\t\t<\/div>\n\t\t<div class=\"elementor-element elementor-element-9d9f963 e-flex e-con-boxed e-con e-parent\" data-id=\"9d9f963\" data-element_type=\"container\" data-e-type=\"container\">\n\t\t\t\t\t<div class=\"e-con-inner\">\n\t\t<div class=\"elementor-element elementor-element-cc1370c e-con-full e-flex e-con e-child\" data-id=\"cc1370c\" data-element_type=\"container\" data-e-type=\"container\">\n\t\t<div class=\"elementor-element elementor-element-86c23e6 e-con-full e-flex e-con e-child\" data-id=\"86c23e6\" data-element_type=\"container\" data-e-type=\"container\" data-settings=\"{&quot;background_background&quot;:&quot;classic&quot;}\">\n\t\t\t\t<div class=\"elementor-element elementor-element-88db248 elementor-widget elementor-widget-thim-ekits-heading\" data-id=\"88db248\" data-element_type=\"widget\" data-e-type=\"widget\" data-widget_type=\"thim-ekits-heading.default\">\n\t\t\t\t<div class=\"elementor-widget-container\">\n\t\t\t\t\t<div class=\"thim-ekits-heading thim-ekit__heading\"><h3 class=\"title\">Gu\u00eda metodol\u00f3gica<\/h3><\/div>\t\t\t\t<\/div>\n\t\t\t\t<\/div>\n\t\t\t\t<\/div>\n\t\t<div class=\"elementor-element elementor-element-aaf2f4d e-con-full e-flex e-con e-child\" data-id=\"aaf2f4d\" data-element_type=\"container\" data-e-type=\"container\" data-settings=\"{&quot;background_background&quot;:&quot;classic&quot;}\">\n\t\t\t\t<div class=\"elementor-element elementor-element-126fb3a elementor-widget elementor-widget-text-editor\" data-id=\"126fb3a\" data-element_type=\"widget\" data-e-type=\"widget\" data-widget_type=\"text-editor.default\">\n\t\t\t\t<div class=\"elementor-widget-container\">\n\t\t\t\t\t\t\t\t\t<p><span style=\"font-weight: 400;\">Gu\u00eda metodol\u00f3gica que <strong>definir\u00e1 los objetivos<\/strong>, principios, enfoque pedag\u00f3gico, estructura y recursos del programa BREATHE, con el fin de <strong>facilitar su implementaci\u00f3n y adaptaci\u00f3n<\/strong> en otros contextos y territorios.<\/span><\/p>\t\t\t\t\t\t\t\t<\/div>\n\t\t\t\t<\/div>\n\t\t\t\t<\/div>\n\t\t\t\t<\/div>\n\t\t<div class=\"elementor-element elementor-element-edbb56f e-con-full e-flex e-con e-child\" data-id=\"edbb56f\" data-element_type=\"container\" data-e-type=\"container\" data-settings=\"{&quot;background_background&quot;:&quot;slideshow&quot;,&quot;background_slideshow_gallery&quot;:[{&quot;id&quot;:7890,&quot;url&quot;:&quot;https:\\\/\\\/breatheproject.eu\\\/wp-content\\\/uploads\\\/2026\\\/03\\\/Foto-7.jpg&quot;}],&quot;background_slideshow_loop&quot;:&quot;yes&quot;,&quot;background_slideshow_slide_duration&quot;:5000,&quot;background_slideshow_slide_transition&quot;:&quot;fade&quot;,&quot;background_slideshow_transition_duration&quot;:500}\">\n\t\t\t\t<\/div>\n\t\t\t\t\t<\/div>\n\t\t\t\t<\/div>\n\t\t<div class=\"elementor-element elementor-element-f5487aa e-flex e-con-boxed e-con e-parent\" data-id=\"f5487aa\" data-element_type=\"container\" data-e-type=\"container\">\n\t\t\t\t\t<div class=\"e-con-inner\">\n\t\t\t\t<div class=\"elementor-element elementor-element-081bdeb elementor-widget-divider--view-line elementor-widget elementor-widget-divider\" data-id=\"081bdeb\" data-element_type=\"widget\" data-e-type=\"widget\" data-widget_type=\"divider.default\">\n\t\t\t\t<div class=\"elementor-widget-container\">\n\t\t\t\t\t\t\t<div class=\"elementor-divider\">\n\t\t\t<span class=\"elementor-divider-separator\">\n\t\t\t\t\t\t<\/span>\n\t\t<\/div>\n\t\t\t\t\t\t<\/div>\n\t\t\t\t<\/div>\n\t\t\t\t\t<\/div>\n\t\t\t\t<\/div>\n\t\t<div class=\"elementor-element elementor-element-ace2269 e-flex e-con-boxed e-con e-parent\" data-id=\"ace2269\" data-element_type=\"container\" data-e-type=\"container\">\n\t\t\t\t\t<div class=\"e-con-inner\">\n\t\t<div class=\"elementor-element elementor-element-3733635 e-con-full e-flex e-con e-child\" data-id=\"3733635\" data-element_type=\"container\" data-e-type=\"container\">\n\t\t<div class=\"elementor-element elementor-element-0980b30 e-con-full e-flex e-con e-child\" data-id=\"0980b30\" data-element_type=\"container\" data-e-type=\"container\" data-settings=\"{&quot;background_background&quot;:&quot;classic&quot;}\">\n\t\t\t\t<div class=\"elementor-element elementor-element-21e0c71 elementor-widget elementor-widget-thim-ekits-heading\" data-id=\"21e0c71\" data-element_type=\"widget\" data-e-type=\"widget\" data-widget_type=\"thim-ekits-heading.default\">\n\t\t\t\t<div class=\"elementor-widget-container\">\n\t\t\t\t\t<div class=\"thim-ekits-heading thim-ekit__heading\"><h3 class=\"title\">Gu\u00eda de replicabilidad<\/h3><\/div>\t\t\t\t<\/div>\n\t\t\t\t<\/div>\n\t\t\t\t<\/div>\n\t\t<div class=\"elementor-element elementor-element-0296b5a e-con-full e-flex e-con e-child\" data-id=\"0296b5a\" data-element_type=\"container\" data-e-type=\"container\" data-settings=\"{&quot;background_background&quot;:&quot;classic&quot;}\">\n\t\t\t\t<div class=\"elementor-element elementor-element-6fdca0d elementor-widget elementor-widget-text-editor\" data-id=\"6fdca0d\" data-element_type=\"widget\" data-e-type=\"widget\" data-widget_type=\"text-editor.default\">\n\t\t\t\t<div class=\"elementor-widget-container\">\n\t\t\t\t\t\t\t\t\t<p><span style=\"font-weight: 400;\">Gu\u00eda que <strong>recopilar\u00e1 aprendizajes y facilitar\u00e1 la implementaci\u00f3n de la metodolog\u00eda<\/strong> del proyecto en otros pa\u00edses europeos, asegurando su sostenibilidad a largo plazo.<\/span><\/p>\t\t\t\t\t\t\t\t<\/div>\n\t\t\t\t<\/div>\n\t\t\t\t<\/div>\n\t\t\t\t<\/div>\n\t\t<div class=\"elementor-element elementor-element-cb42e18 e-con-full e-flex e-con e-child\" data-id=\"cb42e18\" data-element_type=\"container\" data-e-type=\"container\" data-settings=\"{&quot;background_background&quot;:&quot;slideshow&quot;,&quot;background_slideshow_gallery&quot;:[{&quot;id&quot;:8008,&quot;url&quot;:&quot;https:\\\/\\\/breatheproject.eu\\\/wp-content\\\/uploads\\\/2026\\\/03\\\/1000051132-scaled.jpg&quot;}],&quot;background_slideshow_loop&quot;:&quot;yes&quot;,&quot;background_slideshow_slide_duration&quot;:5000,&quot;background_slideshow_slide_transition&quot;:&quot;fade&quot;,&quot;background_slideshow_transition_duration&quot;:500}\">\n\t\t\t\t<\/div>\n\t\t\t\t\t<\/div>\n\t\t\t\t<\/div>\n\t\t<div class=\"elementor-element elementor-element-335b5b2 e-flex e-con-boxed e-con e-parent\" data-id=\"335b5b2\" data-element_type=\"container\" data-e-type=\"container\">\n\t\t\t\t\t<div class=\"e-con-inner\">\n\t\t\t\t<div class=\"elementor-element elementor-element-b890b6d elementor-widget-divider--view-line elementor-widget elementor-widget-divider\" data-id=\"b890b6d\" data-element_type=\"widget\" data-e-type=\"widget\" data-widget_type=\"divider.default\">\n\t\t\t\t<div class=\"elementor-widget-container\">\n\t\t\t\t\t\t\t<div class=\"elementor-divider\">\n\t\t\t<span class=\"elementor-divider-separator\">\n\t\t\t\t\t\t<\/span>\n\t\t<\/div>\n\t\t\t\t\t\t<\/div>\n\t\t\t\t<\/div>\n\t\t\t\t\t<\/div>\n\t\t\t\t<\/div>\n\t\t<div class=\"elementor-element elementor-element-6adc620 e-flex e-con-boxed e-con e-parent\" data-id=\"6adc620\" data-element_type=\"container\" data-e-type=\"container\">\n\t\t\t\t\t<div class=\"e-con-inner\">\n\t\t<div class=\"elementor-element elementor-element-c8aeaf9 e-con-full e-flex e-con e-child\" data-id=\"c8aeaf9\" data-element_type=\"container\" data-e-type=\"container\">\n\t\t<div class=\"elementor-element elementor-element-a396667 e-con-full e-flex e-con e-child\" data-id=\"a396667\" data-element_type=\"container\" data-e-type=\"container\" data-settings=\"{&quot;background_background&quot;:&quot;classic&quot;}\">\n\t\t\t\t<div class=\"elementor-element elementor-element-87b9e89 elementor-widget elementor-widget-thim-ekits-heading\" data-id=\"87b9e89\" data-element_type=\"widget\" data-e-type=\"widget\" data-widget_type=\"thim-ekits-heading.default\">\n\t\t\t\t<div class=\"elementor-widget-container\">\n\t\t\t\t\t<div class=\"thim-ekits-heading thim-ekit__heading\"><h3 class=\"title\">Evento online<\/h3><\/div>\t\t\t\t<\/div>\n\t\t\t\t<\/div>\n\t\t\t\t<\/div>\n\t\t<div class=\"elementor-element elementor-element-5ea3bae e-con-full e-flex e-con e-child\" data-id=\"5ea3bae\" data-element_type=\"container\" data-e-type=\"container\" data-settings=\"{&quot;background_background&quot;:&quot;classic&quot;}\">\n\t\t\t\t<div class=\"elementor-element elementor-element-470f11a elementor-widget elementor-widget-text-editor\" data-id=\"470f11a\" data-element_type=\"widget\" data-e-type=\"widget\" data-widget_type=\"text-editor.default\">\n\t\t\t\t<div class=\"elementor-widget-container\">\n\t\t\t\t\t\t\t\t\t<p><span style=\"font-weight: 400;\">Una vez concluidas las formaciones y el retiro presencial, se celebrar\u00e1 entre febrero y marzo de 2027 un <strong>evento online para difundir los resultados del proyecto<\/strong>, compartir los principales aprendizajes y fomentar la aplicaci\u00f3n de la metodolog\u00eda en otros contextos.<\/span><\/p>\t\t\t\t\t\t\t\t<\/div>\n\t\t\t\t<\/div>\n\t\t\t\t<\/div>\n\t\t\t\t<\/div>\n\t\t<div class=\"elementor-element elementor-element-d79211e e-con-full e-flex e-con e-child\" data-id=\"d79211e\" data-element_type=\"container\" data-e-type=\"container\" data-settings=\"{&quot;background_background&quot;:&quot;slideshow&quot;,&quot;background_slideshow_gallery&quot;:[{&quot;id&quot;:8178,&quot;url&quot;:&quot;https:\\\/\\\/breatheproject.eu\\\/wp-content\\\/uploads\\\/2026\\\/03\\\/woman-video-conference-call-her-home-office-coronavirus-pandemic-scaled.jpg&quot;}],&quot;background_slideshow_loop&quot;:&quot;yes&quot;,&quot;background_slideshow_slide_duration&quot;:5000,&quot;background_slideshow_slide_transition&quot;:&quot;fade&quot;,&quot;background_slideshow_transition_duration&quot;:500}\">\n\t\t\t\t<\/div>\n\t\t\t\t\t<\/div>\n\t\t\t\t<\/div>\n\t\t<div class=\"elementor-element elementor-element-37317ee elementor-hidden-desktop elementor-hidden-tablet elementor-hidden-mobile_extra elementor-hidden-mobile e-flex e-con-boxed e-con e-parent\" data-id=\"37317ee\" data-element_type=\"container\" data-e-type=\"container\">\n\t\t\t\t\t<div class=\"e-con-inner\">\n\t\t\t\t\t<\/div>\n\t\t\t\t<\/div>\n\t\t\t\t<\/div>\n\t\t","protected":false},"excerpt":{"rendered":"<p>Resultados del proyecto El proyecto BREATHE tiene como objetivo generar resultados clave para empoderar a las mujeres emprendedoras en entornos&#8230;<\/p>","protected":false},"author":3,"featured_media":0,"parent":0,"menu_order":0,"comment_status":"closed","ping_status":"closed","template":"","meta":{"footnotes":""},"class_list":["post-5744","page","type-page","status-publish","hentry"],"_links":{"self":[{"href":"https:\/\/breatheproject.eu\/en\/wp-json\/wp\/v2\/pages\/5744","targetHints":{"allow":["GET"]}}],"collection":[{"href":"https:\/\/breatheproject.eu\/en\/wp-json\/wp\/v2\/pages"}],"about":[{"href":"https:\/\/breatheproject.eu\/en\/wp-json\/wp\/v2\/types\/page"}],"author":[{"embeddable":true,"href":"https:\/\/breatheproject.eu\/en\/wp-json\/wp\/v2\/users\/3"}],"replies":[{"embeddable":true,"href":"https:\/\/breatheproject.eu\/en\/wp-json\/wp\/v2\/comments?post=5744"}],"version-history":[{"count":150,"href":"https:\/\/breatheproject.eu\/en\/wp-json\/wp\/v2\/pages\/5744\/revisions"}],"predecessor-version":[{"id":8181,"href":"https:\/\/breatheproject.eu\/en\/wp-json\/wp\/v2\/pages\/5744\/revisions\/8181"}],"wp:attachment":[{"href":"https:\/\/breatheproject.eu\/en\/wp-json\/wp\/v2\/media?parent=5744"}],"curies":[{"name":"wp","href":"https:\/\/api.w.org\/{rel}","templated":true}]}}