{"id":15,"date":"2024-07-24T08:10:53","date_gmt":"2024-07-24T08:10:53","guid":{"rendered":"https:\/\/breatheproject.eu\/lp-term-conditions\/"},"modified":"2024-12-03T11:53:29","modified_gmt":"2024-12-03T10:53:29","slug":"lp-term-conditions","status":"publish","type":"page","link":"https:\/\/breatheproject.eu\/el\/lp-term-conditions\/","title":{"rendered":"Pol\u00edtica de Privacidad y T\u00e9rminos y Condiciones"},"content":{"rendered":"<h2 class=\"wp-block-heading\"><\/h2>\n\n\n\n<p>Rural Bridge SL<\/p>\n\n\n\n<p>De acuerdo con la&nbsp;<a href=\"https:\/\/www.boe.es\/buscar\/act.php?id=BOE-A-2002-13758\">Ley 34\/2002, de 11 de julio, de servicios de la sociedad de la informaci\u00f3n y de comercio electr\u00f3nico<\/a>, y en cumplimiento del art. 10 de la citada, se informa de que:<\/p>\n\n\n\n<p>El presente sitio Web es propiedad de Rural Bridge S.L. (en adelante, Rural Bridge), con CIF B01617521, registrada en C\u00f3rdoba, Espa\u00f1a, en junio de 2020.<\/p>\n\n\n\n<p>Nuestros datos de contacto son:<\/p>\n\n\n\n<ul class=\"wp-block-list\">\n<li>Direcci\u00f3n postal: Calle Teresa de Calcuta, 22. CP 14011, C\u00f3rdoba. Espa\u00f1a<\/li>\n\n\n\n<li>Direcci\u00f3n electr\u00f3nica: <a href=\"mailto:info@ruralbridge.es\">info@ruralbridge.es<\/a><\/li>\n<\/ul>\n\n\n\n<p>Propiedad intelectual e industrial<\/p>\n\n\n\n<p>De acuerdo al&nbsp;<a href=\"https:\/\/www.boe.es\/buscar\/act.php?id=BOE-A-1996-8930\">Real Decreto Legislativo 1\/1996, de 12 de abril, de la Ley de Propiedad Intelectual<\/a>&nbsp;Rural Bridge es propietaria de la propiedad intelectual de este sitio Web por el solo hecho de su creaci\u00f3n y est\u00e1 integrada por derechos de car\u00e1cter personal y patrimonial, que atribuyen al autor la plena disposici\u00f3n y el derecho exclusivo a la explotaci\u00f3n de la obra, sin m\u00e1s limitaciones que las establecidas en dicha Ley.<\/p>\n\n\n\n<p>Corresponde entonces a Rural Bridge el ejercicio exclusivo de los derechos de explotaci\u00f3n de este espacio Web en cualquier forma y, en especial, los derechos de reproducci\u00f3n, distribuci\u00f3n, comunicaci\u00f3n p\u00fablica y transformaci\u00f3n, que no podr\u00e1n ser realizadas sin su autorizaci\u00f3n. Quedando entonces expresamente prohibidas la reproducci\u00f3n, la distribuci\u00f3n y la comunicaci\u00f3n p\u00fablica, de la totalidad o parte de los contenidos de esta p\u00e1gina web, con fines comerciales.<\/p>\n\n\n\n<p>En general, el Usuario se compromete a respetar los derechos de Propiedad Intelectual e Industrial titularidad de su titular. Rural Bridge se reserva la posibilidad de presentar las acciones legales correspondientes a la utilizaci\u00f3n il\u00edcita del sitio web as\u00ed como de sus contenidos por la violaci\u00f3n de las citadas condiciones.<\/p>\n\n\n\n<p>Los derechos de autor sobre todos los materiales multimedia (fotograf\u00edas, ilustraciones, textos o v\u00eddeos) provistos en este sitio Web por Rural Bridge son propiedad de Rural Bridge o del creador original del material. Rural Bridge le otorga al Usuario una licencia limitada, no exclusiva e intransferible para usar los materiales de este sitio Web con fines de buena fe relativos a su interacci\u00f3n con el mismo. Salvo que se indique lo contrario de forma expl\u00edcita, quedan prohibidas las copias, reproducciones, descargas, distribuciones o modificaciones, ya sea de forma electr\u00f3nica o mec\u00e1nica, de ning\u00fan contenido del presente sitio Web sin autorizaci\u00f3n por parte de Rural Bridge. Esta licencia se considerar\u00e1 derogada, sin necesidad de notificaci\u00f3n previa, en el momento en que el Usuario infrinja los presentes T\u00e9rminos y Condiciones.<\/p>\n\n\n\n<p>Pol\u00edtica de privacidad y protecci\u00f3n de datos personales<\/p>\n\n\n\n<p>Conforme a la&nbsp;<a href=\"https:\/\/www.boe.es\/buscar\/doc.php?id=BOE-A-2018-16673\">LO 3\/2018, de 5 de diciembre, de Protecci\u00f3n de Datos Personales y garant\u00eda de los derechos digitales<\/a>&nbsp;Rural Bridge S.L. garantiza que los datos personales del Usuario ser\u00e1n tratados con la seguridad adecuada, incluida la protecci\u00f3n contra el tratamiento no autorizado o il\u00edcito y contra su p\u00e9rdida, destrucci\u00f3n o da\u00f1o accidental, mediante la aplicaci\u00f3n de las apropiadas medidas t\u00e9cnicas u organizativas que est\u00e1n en su mano.<\/p>\n\n\n\n<p>La recogida de datos tendr\u00e1 como finalidad la continua mejora, ampliaci\u00f3n y gesti\u00f3n de los servicios puestos a disposici\u00f3n del Usuario as\u00ed como al posterior soporte y resoluci\u00f3n de dudas o problemas al Usuario. Se realizar\u00e1 dicha recogida a trav\u00e9s de formularios, correos electr\u00f3nicos, as\u00ed como los que puedan ser obtenidos de las Redes Sociales de aquellos usuarios que hayan decidido unirse al perfil creado por Rural Bridge en Facebook, LinkedIn, Twitter o Instagram siempre en conformidad a la&nbsp;<a href=\"https:\/\/www.boe.es\/buscar\/act.php?id=BOE-A-2002-13758\">Ley 34\/2002, de 11 de julio, de Servicios de la Sociedad de la Informaci\u00f3n y de Comercio Electr\u00f3nico<\/a>. Considerando as\u00ed el consentimiento del Usuario el uso de los datos que aparezca en su perfil de las redes antes citadas.<\/p>\n\n\n\n<p>El Usuario siempre podr\u00e1 gestionar sus datos personales a trav\u00e9s de la configuraci\u00f3n de privacidad que le brindan las diferentes plataformas.<\/p>\n\n\n\n<p>Direcciones IP y servidores Web<\/p>\n\n\n\n<p>Toda la informaci\u00f3n utilizada por el servidor Web, por ejemplo la direcci\u00f3n IP o la direcci\u00f3n URL utilizada por el Usuario, quedar\u00e1 registrada para su posterior tratamiento con fines \u00fanicamente estad\u00edsticos, como n\u00famero de visitas, punto de acceso, etc.<\/p>\n\n\n\n<p>Enlaces a terceros<\/p>\n\n\n\n<p>En las diversas secciones de este sitio Web se proporcionan enlaces a Webs de terceros con la intenci\u00f3n de aportar informaci\u00f3n adicional sobre diversos aspectos y\/o como elementos de marketing y publicidad.<\/p>\n\n\n\n<p>Rural Bridge ha adoptado todas las medidas necesarias para evitar cualquier tipo de da\u00f1o para con el Usuario final. No obstante, Rural Bridge no se responsabiliza en ning\u00fan modo de la exactitud, veracidad, validez, disponibilidad o legalidad del contenido de los sitios Web a los que apunten dichos enlaces externos o de terceros.<\/p>\n\n\n\n<p>Listas de difusi\u00f3n por correo electr\u00f3nico<\/p>\n\n\n\n<p>Si el Usuario completa alguno de los formularios disponibles en el sitio Web con la finalidad de recibir correos electr\u00f3nicos publicitarios y promocionales, expresa su deseo de que Rural Bridge mantenga su direcci\u00f3n electr\u00f3nica en una lista con dicha finalidad, siendo deber de Rural Bridge el cumplimiento de la Ley Org\u00e1nica de Protecci\u00f3n de Datos (LOPD) y de la Ley de Servicios de la Sociedad de la Informaci\u00f3n y del Comercio Electr\u00f3nico (LSSI-CE).<\/p>\n\n\n\n<p>El Usuario puede revocar su consentimiento y solicitar ser eliminado de nuestras listas de difusi\u00f3n en cualquier momento enviando un correo electr\u00f3nico a&nbsp;<a href=\"mailto:info@ruralbridge.es\">info@ruralbridge.es<\/a>.<\/p>\n\n\n\n<p>Modificaciones de los T\u00e9rminos y Condiciones<\/p>\n\n\n\n<p>Rural Bridge podr\u00e1 revisar los presentes T\u00e9rminos y Condiciones sin aviso previo. Tales modificaciones tendr\u00e1n efecto inmediato desde el momento de su publicaci\u00f3n en este sitio Web, por lo que es responsabilidad del Usuario la visita peri\u00f3dica a esta p\u00e1gina para determinar los T\u00e9rminos y Condiciones vigentes a los que deber\u00e1 sujetar en ese momento.<\/p>\n\n\n\n<p>En el caso de que cualquier disposici\u00f3n de estos T\u00e9rminos y Condiciones fuera declarada inv\u00e1lida, inexigible o ilegal por parte de un tribunal, se considerar\u00e1 que dicha disposici\u00f3n queda excluida de los T\u00e9rminos y Condiciones, permaneciendo las restantes disposiciones en plena vigencia y efecto.<\/p>\n\n\n\n<p>Ley aplicable y jurisdicci\u00f3n<\/p>\n\n\n\n<p>Este sitio Web es propiedad de Rural Bridge, con operaci\u00f3n en Espa\u00f1a. Rural Bridge no hace declaraci\u00f3n alguna en cuanto a la legalidad aplicable en otros pa\u00edses, ni dentro ni fuera de la UE, por lo que quedan prohibidos el acceso y el uso de este sitio Web desde fuera de Espa\u00f1a.<\/p>\n\n\n\n<p>Estos T\u00e9rminos y Condiciones, as\u00ed como cualquier aspecto relacionado con el sitio Web de Rural Bridge, quedan regidos por las leyes vigentes en el Reino de Espa\u00f1a y el Usuario acuerda irrevocablemente someterse a la jurisdicci\u00f3n exclusiva de los juzgados y tribunales nacionales ordinarios de la ciudad de C\u00f3rdoba.<\/p>\n\n\n\n<p>Obligaciones del Usuario<\/p>\n\n\n\n<p>Este sitio Web permite el acceso del Usuario empleando para ello un Nombre de Usuario y una Contrase\u00f1a. El Usuario acuerda:<\/p>\n\n\n\n<ol class=\"wp-block-list\">\n<li>Hacer un uso leg\u00edtimo del sitio Web, cumpliendo con los T\u00e9rminos y Condiciones vigentes en cada momento.<\/li>\n\n\n\n<li>Facilitar \u00fanicamente informaci\u00f3n exacta y verdadera durante el proceso de registro, as\u00ed como mantenerla debidamente actualizada. Queda totalmente prohibida la utilizaci\u00f3n de datos pertenecientes a una persona distinta al Usuario, de forma total o parcial.<\/li>\n\n\n\n<li>Notificar a Rural Bridge de forma inmediata sobre cualquier uso no autorizado de su Nombre de Usuario y Contrase\u00f1a, mediante el formulario disponible en este sitio Web o mediante correo electr\u00f3nico a <a href=\"mailto:contacto@cannacalifa.com\">info@ruralbridge.es<\/a>.<\/li>\n\n\n\n<li>Asumir plena responsabilidad por los riesgos emergentes del uso del sitio Web o por compartir su Nombre de Usuario y Contrase\u00f1a con terceros.<\/li>\n\n\n\n<li>Tomar las correspondientes medidas de seguridad cuando acceda a este sitio Web desde un ordenador p\u00fablico o conectado a una red p\u00fablica. Si no se puede asegurar un entorno de acceso seguro, el Usuario no debe hacer uso de este sitio Web.<\/li>\n\n\n\n<li>No utilizar los servicios de este sitio Web para compartir material difamatorio, injurioso, obsceno, que incite al odio o la violencia, que discrimine por razones de raza, sexo, religi\u00f3n, etc., o que atente contra la buena fe, los derechos y libertades, el honor, la intimidad y, en general, con la ley vigente.<\/li>\n\n\n\n<li>No utilizar los servicios de este sitio Web para compartir material que incumpla cualquier derecho de propiedad intelectual.<\/li>\n\n\n\n<li>No utilizar los servicios de este sitio Web para realizar actos de mala fe, como difundir virus o cualquier tipo de aplicaci\u00f3n maliciosa, compartir elementos publicitarios no deseados (spam) y\/o invasivos, o realizar pr\u00e1cticas fraudulentas de cualquier \u00edndole.<\/li>\n\n\n\n<li>No utilizar el contenido ni los servicios de este sitio Web para ning\u00fan fin que no sea el expl\u00edcitamente recogido en estos T\u00e9rminos y Condiciones.<\/li>\n\n\n\n<li>Asimismo, Rural Bridge se reserva el derecho de emprender cuantas acciones legales le sean de inter\u00e9s para el caso de incumplimiento por parte de los usuarios, respecto de estos T\u00e9rminos y Condiciones.<\/li>\n<\/ol>\n\n\n\n<p>Rural Bridge no se responsabiliza del contenido publicado por los usuarios y se reserva el derecho a eliminar cualquier publicaci\u00f3n de un Usuario que infrinja cualquier punto de estos T\u00e9rminos y Condiciones, y pudiendo dar lugar a la desactivaci\u00f3n del Usuario de forma temporal o permanente.<\/p>\n\n\n\n<p>Compra electr\u00f3nica<\/p>\n\n\n\n<p>Contrato de compraventa<\/p>\n\n\n\n<p>La finalizaci\u00f3n por parte del Usuario de un proceso de compra en el presente sitio Web se entender\u00e1 como consentimiento mutuo entre Usuario y Rural Bridge, quedando el contrato de compraventa perfeccionado, tal y como se recoge en los&nbsp;<a href=\"https:\/\/legislacion.vlex.es\/vid\/codigo-civil-127560\">art\u00edculos 1258 y 1450 del C\u00f3digo Civil<\/a>. De igual modo, mediante dicho proceso de compra, el Usuario confirma la lectura y aceptaci\u00f3n de los presentes T\u00e9rminos y Condiciones.<\/p>\n\n\n\n<p>No obstante, Rural Bridge se reserva el derecho de rechazar y\/o cancelar pedidos de aquellos Usuarios con los que:<\/p>\n\n\n\n<ol class=\"wp-block-list\">\n<li>Exista una disputa legal en curso.<\/li>\n\n\n\n<li>Hayan violado con anterioridad los presentes T\u00e9rminos y Condiciones (o aquellos T\u00e9rminos y Condiciones que fueren efectivos en el momento de la compra).<\/li>\n\n\n\n<li>Hayan aportado informaci\u00f3n falsa o incompleta.<\/li>\n\n\n\n<li>Est\u00e9n implicados en cualquier tipo de actividad il\u00edcita conocida.<\/li>\n\n\n\n<li>Hagan un uso de este sitio Web o de cualquier producto\/servicio de Rural Bridge contrario a lo dispuesto en estos T\u00e9rminos y Condiciones, la Ley, la moral, las buenas costumbres o el orden p\u00fablico.<\/li>\n<\/ol>\n\n\n\n<p>Rural Bridge no se responsabilizar\u00e1 en caso de indisponibilidad de productos por causas de fuerza mayor o por errores en el pedido.<\/p>\n\n\n\n<p>La informaci\u00f3n electr\u00f3nica generada por el proceso de compra ser\u00e1 conservada por Rural Bridge, en cumplimiento con la pol\u00edtica de protecci\u00f3n de datos definida en el presente documento. El Usuario tiene derecho a solicitar una copia del mismo en cualquier momento utilizando para ello el formulario de contacto habilitado en nuestro sitio Web o mediante correo electr\u00f3nico a&nbsp;<a href=\"mailto:contacto@cannacalifa.com\">info@ruralbridge.es<\/a>.<\/p>\n\n\n\n<p>Disponibilidad del sitio Web<\/p>\n\n\n\n<p>El sitio Web de Rural Bridge es un programa de Software que requiere de mantenimiento, actualizaciones de seguridad y actualizaciones de mejora, por lo que podr\u00edan verse afectados o inhabilitados los servicios de forma temporal. Rural Bridge avisar\u00e1 de estos periodos de mantenimiento siempre y cuando sea posible, no responsabiliz\u00e1ndose, en cualquier caso, de los inconvenientes ocasionados por los mismos.<\/p>\n\n\n\n<p>Del mismo modo, el sitio Web se encuentra alojado en unos servidores (equipos inform\u00e1ticos) que podr\u00edan sufrir cortes moment\u00e1neos por mantenimiento u otras causas de fuerza mayor, quedando Rural Bridge exenta de cualquier problema relacionado con la ausencia de servicio en estas situaciones.<\/p>\n\n\n\n<p>Rural Bridge no se responsabilizar\u00e1 en ning\u00fan caso de perjuicios derivados del uso que d\u00e9 el Usuario de los equipos inform\u00e1ticos y\/o las redes a las que se conecte, as\u00ed como de cualquier otra raz\u00f3n ajena a Rural Bridge, incluy\u00e9ndose cortes de servicio, interrupciones, virus inform\u00e1ticos, aver\u00edas, etc.<\/p>\n\n\n\n<p>Mediante la confirmaci\u00f3n de los presentes T\u00e9rminos y Condiciones, el Usuario exime a Rural Bridge de responsabilidad por falla en el servicio, y rechaza el derecho a indemnizaci\u00f3n por da\u00f1os, perjuicios y lucro cesante.<\/p>\n\n\n\n<p>Descripciones y precios de los productos<\/p>\n\n\n\n<p>Los precios mostrados en la tienda y en el carrito de compra de este sitio Web ser\u00e1n mostrados en Euros, incluyendo siempre el IVA.<\/p>\n\n\n\n<p>A pesar de nuestros esfuerzos por mantener actualizada y completa la informaci\u00f3n en el sitio Web, podr\u00edan darse errores en los precios mostrados o en las descripciones de los productos.<\/p>\n\n\n\n<p>En caso de que un Usuario haya completado un proceso de compra y desde Rural Bridge detectemos un error en uno o varios de los precios que componen dicha compra, notificaremos dicho problema al Usuario, el cual podr\u00e1 optar por la cancelaci\u00f3n de la compra sin coste alguno.<\/p>\n\n\n\n<p>Del mismo modo, si detectamos que la descripci\u00f3n mostrada para un producto no concuerda con la realidad, nos pondremos en contacto con el Usuario a la mayor brevedad, siendo igualmente aplicable la posibilidad de rescindir el contrato por parte del Usuario.<\/p>\n\n\n\n<p>Pagos en el sitio Web<\/p>\n\n\n\n<p>Los posibles descuentos y\/o costes adicionales que repercutan sobre el coste total del pedido se ver\u00e1n reflejados en el carrito de compra y antes de confirmar el proceso de compra de forma que el Usuario pueda verificarlos y confirmarlos antes de proceder a la pasarela de pago.<\/p>\n\n\n\n<p>Entre estos costes adicionales se encuentran aquellos referentes a los gastos de env\u00edo, que podr\u00edan correr a cargo de Rural Bridge en caso de existir una promoci\u00f3n a ese respecto y de cumplirse las condiciones establecidas para poder disfrutar de la misma.<\/p>\n\n\n\n<p>El proceso de pago podr\u00e1 efectuarse mediante tarjeta bancaria (tanto de d\u00e9bito como de cr\u00e9dito) o contrareembolso en el momento de la recepci\u00f3n del pedido.<\/p>\n\n\n\n<p>En caso de pago con tarjeta, el sitio Web le redirigir\u00e1 a la&nbsp;<a href=\"https:\/\/www.bbva.com\/es\/co\/las-pasarelas-de-pago-y-su-importancia-para-las-compras-online\/\">pasarela de pago<\/a>&nbsp;proporcionada por la entidad Banco Bilbao Vizcaya Argentaria (BBVA). Esta pasarela proporciona un&nbsp;<a href=\"https:\/\/www.palbin.com\/es\/blog\/p1304-que-es-y-para-que-sirve-un-certificado-ssl.html\">entorno seguro<\/a>&nbsp;en el que el Usuario debe completar los datos de su tarjeta bancaria. Tal y como se recoge en el apartado Obligaciones del Usuario del presente documento, el Usuario acuerda aportar \u00fanicamente informaci\u00f3n exacta y verdadera durante este proceso. Rural Bridge no podr\u00e1 acceder en ning\u00fan caso a la informaci\u00f3n de esta pasarela de pago, siendo esta operaci\u00f3n \u00fanicamente entre el Usuario y la entidad BBVA.<\/p>\n\n\n\n<p>Env\u00edos<\/p>\n\n\n\n<p>El env\u00edo de los productos adquiridos por el Usuario ser\u00e1 realizado tan pronto como sea posible, considerando el horario laboral y la disponibilidad de los productos.<\/p>\n\n\n\n<p>Los env\u00edos de las compras realizadas en el sitio Web ser\u00e1n delegados a la empresa Correos mediante el servicio Correos Express. Dicho servicio asegura su entrega en 48 horas h\u00e1biles. En caso de no cumplirse el plazo de entrega, el Usuario deber\u00e1 comunicarse con Rural Bridge a la mayor brevedad.<\/p>\n\n\n\n<p>El Usuario se compromete a completar los datos de entrega con una direcci\u00f3n verdadera y en la que la entrega por parte de Correos sea posible.<\/p>\n\n\n\n<p>Rural Bridge no se responsabilizar\u00e1 en ning\u00fan caso de los retrasos en las entregas y ser\u00e1 Correos quien responder\u00e1 seg\u00fan sus normas de contrataci\u00f3n.<\/p>\n\n\n\n<p>Rural Bridge podr\u00eda cancelar el env\u00edo cuando (I) el destino se encuentre fuera de la zona donde opera Rural Bridge o Correos, (II) la direcci\u00f3n de env\u00edo no existe, (III) la direcci\u00f3n de env\u00edo no es alcanzable y\/o (IV) uno o varios de los productos solicitados han dejado de estar disponibles y no se alcanza un acuerdo entre el Usuario y Rural Bridge para su reemplazo.<\/p>\n\n\n\n<p>Desistimiento y devoluciones<\/p>\n\n\n\n<p>El Usuario tiene derecho a desistir del contrato celebrado con Rural Bridge, sin necesidad de justificaci\u00f3n, en un plazo no superior a catorce (14) d\u00edas naturales tras la recepci\u00f3n de la compra. Si un mismo pedido es entregado en distintos bultos, se considerar\u00e1 la fecha a partir de la recepci\u00f3n del \u00faltimo bulto.<\/p>\n\n\n\n<p>Por razones de protecci\u00f3n de la salud y de la higiene, no se aceptar\u00e1n devoluciones de productos que hayan sido abiertos, tengan marcas de uso, o cuyo sello de garant\u00eda haya sido rasgado o manipulado. El producto debe ser devuelto en el mismo estado en que fue entregado. En caso de productos en mal estado que no hayan sido fabricados por Rural Bridge, la garant\u00eda ser\u00e1 la estipulada por el fabricante o fabricantes de dichos productos.<\/p>\n\n\n\n<p>Para ejercer el derecho de desistimiento, el Usuario deber\u00e1 contactar con Rural Bridge dicha decisi\u00f3n antes de que expire el plazo citado, indicando el n\u00famero de pedido y el correo electr\u00f3nico con el que se realiz\u00f3 el pedido, as\u00ed como cualquier comentario adicional que desee comunicar al equipo de Rural Bridge. El Usuario recibir\u00e1 una confirmaci\u00f3n del desistimiento y una direcci\u00f3n a la que tendr\u00e1 que remitir el o los productos de forma igual o similar a c\u00f3mo fueron recibidos. No cabe el derecho de desistimiento cuando expresamente se haya solicitado la personalizaci\u00f3n de productos para el usuario.Igualmente no cabe la desistimiento cuando se haya procedido a la contrataci\u00f3n de un servicio.<\/p>\n\n\n\n<p>La devoluci\u00f3n del o los productos a Rural Bridge se har\u00e1 bajo la responsabilidad del Usuario y, del mismo modo, ser\u00e1 \u00e9ste quien deba correr con los gastos de env\u00edo asociados.<\/p>\n\n\n\n<p>En el momento de la recepci\u00f3n y verificaci\u00f3n de la integridad del o los productos devueltos, Rural Bridge emitir\u00e1 un reembolso de la cantidad pagada por el Usuario en un m\u00e1ximo de 14 d\u00edas naturales. El reembolso ser\u00e1 efectuado usando el mismo m\u00e9todo de pago con el que se realiz\u00f3 la compra a no ser que el Usuario comunique otro deseo de forma expl\u00edcita.<\/p>","protected":false},"excerpt":{"rendered":"<p>Rural Bridge SL De acuerdo con la&nbsp;Ley 34\/2002, de 11 de julio, de servicios de la sociedad de la informaci\u00f3n&#8230;<\/p>","protected":false},"author":1,"featured_media":0,"parent":0,"menu_order":0,"comment_status":"closed","ping_status":"closed","template":"","meta":{"footnotes":""},"class_list":["post-15","page","type-page","status-publish","hentry"],"_links":{"self":[{"href":"https:\/\/breatheproject.eu\/el\/wp-json\/wp\/v2\/pages\/15","targetHints":{"allow":["GET"]}}],"collection":[{"href":"https:\/\/breatheproject.eu\/el\/wp-json\/wp\/v2\/pages"}],"about":[{"href":"https:\/\/breatheproject.eu\/el\/wp-json\/wp\/v2\/types\/page"}],"author":[{"embeddable":true,"href":"https:\/\/breatheproject.eu\/el\/wp-json\/wp\/v2\/users\/1"}],"replies":[{"embeddable":true,"href":"https:\/\/breatheproject.eu\/el\/wp-json\/wp\/v2\/comments?post=15"}],"version-history":[{"count":1,"href":"https:\/\/breatheproject.eu\/el\/wp-json\/wp\/v2\/pages\/15\/revisions"}],"predecessor-version":[{"id":6097,"href":"https:\/\/breatheproject.eu\/el\/wp-json\/wp\/v2\/pages\/15\/revisions\/6097"}],"wp:attachment":[{"href":"https:\/\/breatheproject.eu\/el\/wp-json\/wp\/v2\/media?parent=15"}],"curies":[{"name":"wp","href":"https:\/\/api.w.org\/{rel}","templated":true}]}}